{"id":1573895,"date":"2021-05-22T12:59:59","date_gmt":"2021-05-22T12:59:59","guid":{"rendered":"https:\/\/spraynet.wpengine.com\/our-paint-colors\/"},"modified":"2024-10-15T04:35:41","modified_gmt":"2024-10-15T04:35:41","slug":"couleurs-peinture-exterieure-2","status":"publish","type":"page","link":"https:\/\/www.spray-net.com\/fr\/couleurs-peinture-exterieure\/","title":{"rendered":"Couleurs de Peinture Ext\u00e9rieure"},"content":{"rendered":"","protected":false},"excerpt":{"rendered":"","protected":false},"author":1,"featured_media":0,"parent":0,"menu_order":0,"comment_status":"closed","ping_status":"closed","template":"templates\/our-paint-colors.php","meta":{"_acf_changed":false,"footnotes":""},"class_list":["post-1573895","page","type-page","status-publish","hentry"],"acf":[],"yoast_head":"<!-- This site is optimized with the Yoast SEO plugin v26.4 - https:\/\/yoast.com\/wordpress\/plugins\/seo\/ -->\n<title>Nos Couleurs de Peinture Ext\u00e9rieure | Spray-Net<\/title>\n<meta name=\"description\" content=\"Nos couleurs de peinture ext\u00e9rieure sont formul\u00e9es avec une technologie r\u00e9fl\u00e9chissante pour une protection optimale contre la d\u00e9coloration.\" \/>\n<meta name=\"robots\" content=\"index, follow, max-snippet:-1, max-image-preview:large, max-video-preview:-1\" \/>\n<link rel=\"canonical\" href=\"https:\/\/www.spray-net.com\/fr\/couleurs-peinture-exterieure\" \/>\n<meta property=\"og:locale\" content=\"fr_FR\" \/>\n<meta property=\"og:type\" content=\"article\" \/>\n<meta property=\"og:title\" content=\"Nos Couleurs de Peinture Ext\u00e9rieure | Spray-Net\" \/>\n<meta property=\"og:description\" content=\"Nos couleurs de peinture ext\u00e9rieure sont formul\u00e9es avec une technologie r\u00e9fl\u00e9chissante pour une protection optimale contre la d\u00e9coloration.\" \/>\n<meta property=\"og:url\" content=\"https:\/\/www.spray-net.com\/fr\/couleurs-peinture-exterieure\/\" \/>\n<meta property=\"og:site_name\" content=\"spraynet\" \/>\n<meta property=\"article:modified_time\" content=\"2024-10-15T04:35:41+00:00\" \/>\n<meta property=\"og:image\" content=\"https:\/\/www.spray-net.com\/wp-content\/uploads\/2021\/05\/Horizontal_ENG.png\" \/>\n\t<meta property=\"og:image:width\" content=\"681\" \/>\n\t<meta property=\"og:image:height\" content=\"189\" \/>\n\t<meta property=\"og:image:type\" content=\"image\/png\" \/>\n<meta name=\"twitter:card\" content=\"summary_large_image\" \/>\n<script type=\"application\/ld+json\" class=\"yoast-schema-graph\">{\"@context\":\"https:\/\/schema.org\",\"@graph\":[{\"@type\":\"WebPage\",\"@id\":\"https:\/\/www.spray-net.com\/fr\/couleurs-peinture-exterieure\/\",\"url\":\"https:\/\/www.spray-net.com\/fr\/couleurs-peinture-exterieure\/\",\"name\":\"Nos Couleurs de Peinture Ext\u00e9rieure | Spray-Net\",\"isPartOf\":{\"@id\":\"https:\/\/www.spray-net.com\/fr#website\"},\"datePublished\":\"2021-05-22T12:59:59+00:00\",\"dateModified\":\"2024-10-15T04:35:41+00:00\",\"description\":\"Nos couleurs de peinture ext\u00e9rieure sont formul\u00e9es avec une technologie r\u00e9fl\u00e9chissante pour une protection optimale contre la d\u00e9coloration.\",\"breadcrumb\":{\"@id\":\"https:\/\/www.spray-net.com\/fr\/couleurs-peinture-exterieure\/#breadcrumb\"},\"inLanguage\":\"fr-FR\",\"potentialAction\":[{\"@type\":\"ReadAction\",\"target\":[\"https:\/\/www.spray-net.com\/fr\/couleurs-peinture-exterieure\/\"]}]},{\"@type\":\"BreadcrumbList\",\"@id\":\"https:\/\/www.spray-net.com\/fr\/couleurs-peinture-exterieure\/#breadcrumb\",\"itemListElement\":[{\"@type\":\"ListItem\",\"position\":1,\"name\":\"Home\",\"item\":\"https:\/\/www.spray-net.com\/fr\"},{\"@type\":\"ListItem\",\"position\":2,\"name\":\"Couleurs de Peinture Ext\u00e9rieure\"}]},{\"@type\":\"WebSite\",\"@id\":\"https:\/\/www.spray-net.com\/fr#website\",\"url\":\"https:\/\/www.spray-net.com\/fr\",\"name\":\"spraynet\",\"description\":\"\",\"publisher\":{\"@id\":\"https:\/\/www.spray-net.com\/fr#organization\"},\"potentialAction\":[{\"@type\":\"SearchAction\",\"target\":{\"@type\":\"EntryPoint\",\"urlTemplate\":\"https:\/\/www.spray-net.com\/fr?s={search_term_string}\"},\"query-input\":{\"@type\":\"PropertyValueSpecification\",\"valueRequired\":true,\"valueName\":\"search_term_string\"}}],\"inLanguage\":\"fr-FR\"},{\"@type\":\"Organization\",\"@id\":\"https:\/\/www.spray-net.com\/fr#organization\",\"name\":\"spraynet\",\"url\":\"https:\/\/www.spray-net.com\/fr\",\"logo\":{\"@type\":\"ImageObject\",\"inLanguage\":\"fr-FR\",\"@id\":\"https:\/\/www.spray-net.com\/fr#\/schema\/logo\/image\/\",\"url\":\"https:\/\/www.spray-net.com\/wp-content\/uploads\/2021\/05\/Horizontal_ENG.png\",\"contentUrl\":\"https:\/\/www.spray-net.com\/wp-content\/uploads\/2021\/05\/Horizontal_ENG.png\",\"width\":681,\"height\":189,\"caption\":\"spraynet\"},\"image\":{\"@id\":\"https:\/\/www.spray-net.com\/fr#\/schema\/logo\/image\/\"}}]}<\/script>\n<!-- \/ Yoast SEO plugin. -->","yoast_head_json":{"title":"Nos Couleurs de Peinture Ext\u00e9rieure | Spray-Net","description":"Nos couleurs de peinture ext\u00e9rieure sont formul\u00e9es avec une technologie r\u00e9fl\u00e9chissante pour une protection optimale contre la d\u00e9coloration.","robots":{"index":"index","follow":"follow","max-snippet":"max-snippet:-1","max-image-preview":"max-image-preview:large","max-video-preview":"max-video-preview:-1"},"canonical":"https:\/\/www.spray-net.com\/fr\/couleurs-peinture-exterieure","og_locale":"fr_FR","og_type":"article","og_title":"Nos Couleurs de Peinture Ext\u00e9rieure | Spray-Net","og_description":"Nos couleurs de peinture ext\u00e9rieure sont formul\u00e9es avec une technologie r\u00e9fl\u00e9chissante pour une protection optimale contre la d\u00e9coloration.","og_url":"https:\/\/www.spray-net.com\/fr\/couleurs-peinture-exterieure\/","og_site_name":"spraynet","article_modified_time":"2024-10-15T04:35:41+00:00","og_image":[{"width":681,"height":189,"url":"https:\/\/www.spray-net.com\/wp-content\/uploads\/2021\/05\/Horizontal_ENG.png","type":"image\/png"}],"twitter_card":"summary_large_image","schema":{"@context":"https:\/\/schema.org","@graph":[{"@type":"WebPage","@id":"https:\/\/www.spray-net.com\/fr\/couleurs-peinture-exterieure\/","url":"https:\/\/www.spray-net.com\/fr\/couleurs-peinture-exterieure\/","name":"Nos Couleurs de Peinture Ext\u00e9rieure | Spray-Net","isPartOf":{"@id":"https:\/\/www.spray-net.com\/fr#website"},"datePublished":"2021-05-22T12:59:59+00:00","dateModified":"2024-10-15T04:35:41+00:00","description":"Nos couleurs de peinture ext\u00e9rieure sont formul\u00e9es avec une technologie r\u00e9fl\u00e9chissante pour une protection optimale contre la d\u00e9coloration.","breadcrumb":{"@id":"https:\/\/www.spray-net.com\/fr\/couleurs-peinture-exterieure\/#breadcrumb"},"inLanguage":"fr-FR","potentialAction":[{"@type":"ReadAction","target":["https:\/\/www.spray-net.com\/fr\/couleurs-peinture-exterieure\/"]}]},{"@type":"BreadcrumbList","@id":"https:\/\/www.spray-net.com\/fr\/couleurs-peinture-exterieure\/#breadcrumb","itemListElement":[{"@type":"ListItem","position":1,"name":"Home","item":"https:\/\/www.spray-net.com\/fr"},{"@type":"ListItem","position":2,"name":"Couleurs de Peinture Ext\u00e9rieure"}]},{"@type":"WebSite","@id":"https:\/\/www.spray-net.com\/fr#website","url":"https:\/\/www.spray-net.com\/fr","name":"spraynet","description":"","publisher":{"@id":"https:\/\/www.spray-net.com\/fr#organization"},"potentialAction":[{"@type":"SearchAction","target":{"@type":"EntryPoint","urlTemplate":"https:\/\/www.spray-net.com\/fr?s={search_term_string}"},"query-input":{"@type":"PropertyValueSpecification","valueRequired":true,"valueName":"search_term_string"}}],"inLanguage":"fr-FR"},{"@type":"Organization","@id":"https:\/\/www.spray-net.com\/fr#organization","name":"spraynet","url":"https:\/\/www.spray-net.com\/fr","logo":{"@type":"ImageObject","inLanguage":"fr-FR","@id":"https:\/\/www.spray-net.com\/fr#\/schema\/logo\/image\/","url":"https:\/\/www.spray-net.com\/wp-content\/uploads\/2021\/05\/Horizontal_ENG.png","contentUrl":"https:\/\/www.spray-net.com\/wp-content\/uploads\/2021\/05\/Horizontal_ENG.png","width":681,"height":189,"caption":"spraynet"},"image":{"@id":"https:\/\/www.spray-net.com\/fr#\/schema\/logo\/image\/"}}]}},"_links":{"self":[{"href":"https:\/\/www.spray-net.com\/fr\/wp-json\/wp\/v2\/pages\/1573895","targetHints":{"allow":["GET"]}}],"collection":[{"href":"https:\/\/www.spray-net.com\/fr\/wp-json\/wp\/v2\/pages"}],"about":[{"href":"https:\/\/www.spray-net.com\/fr\/wp-json\/wp\/v2\/types\/page"}],"author":[{"embeddable":true,"href":"https:\/\/www.spray-net.com\/fr\/wp-json\/wp\/v2\/users\/1"}],"replies":[{"embeddable":true,"href":"https:\/\/www.spray-net.com\/fr\/wp-json\/wp\/v2\/comments?post=1573895"}],"version-history":[{"count":0,"href":"https:\/\/www.spray-net.com\/fr\/wp-json\/wp\/v2\/pages\/1573895\/revisions"}],"wp:attachment":[{"href":"https:\/\/www.spray-net.com\/fr\/wp-json\/wp\/v2\/media?parent=1573895"}],"curies":[{"name":"wp","href":"https:\/\/api.w.org\/{rel}","templated":true}]}}