{"id":1569802,"date":"2021-02-10T17:20:44","date_gmt":"2021-02-10T17:20:44","guid":{"rendered":"https:\/\/spraynet.wpengine.com\/?page_id=1569802"},"modified":"2023-01-10T15:39:24","modified_gmt":"2023-01-10T15:39:24","slug":"exterior-english-2-7","status":"publish","type":"page","link":"https:\/\/www.spray-net.com\/fr\/beauce\/peinture-exterieure\/","title":{"rendered":"Beauce Exterior &#8211; French"},"content":{"rendered":"","protected":false},"excerpt":{"rendered":"","protected":false},"author":20,"featured_media":0,"parent":0,"menu_order":0,"comment_status":"closed","ping_status":"closed","template":"templates\/template-exterior.php","meta":{"_acf_changed":false,"footnotes":""},"class_list":["post-1569802","page","type-page","status-publish","hentry"],"acf":[],"yoast_head":"<!-- This site is optimized with the Yoast SEO plugin v26.4 - https:\/\/yoast.com\/wordpress\/plugins\/seo\/ -->\n<title>Service de peinture de l&#039;ext\u00e9rieur de la maison \u00e0 Beauce, Qu\u00e9bec | Spray-Net<\/title>\n<meta name=\"description\" content=\"Transformez votre maison avec nos services de peinture ext\u00e9rieure \u00e0 Beauce, Qu\u00e9bec. Spray-Net offre une finition d&#039;usine pour transformer votre rev\u00eatement ext\u00e9rieur, brique, stuc, portes et fen\u00eatres, soutenu par notre garantie de 15 ans contre l&#039;\u00e9caillage. Obtenez une soumission GRATUITE aujourd&#039;hui (581) 705-8914\" \/>\n<meta name=\"robots\" content=\"index, follow, max-snippet:-1, max-image-preview:large, max-video-preview:-1\" \/>\n<link rel=\"canonical\" href=\"https:\/\/www.spray-net.com\/fr\/beauce\/peinture-exterieure\" \/>\n<meta property=\"og:locale\" content=\"fr_FR\" \/>\n<meta property=\"og:type\" content=\"article\" \/>\n<meta property=\"og:title\" content=\"Service de peinture de l&#039;ext\u00e9rieur de la maison \u00e0 Beauce, Qu\u00e9bec | Spray-Net\" \/>\n<meta property=\"og:description\" content=\"Transformez votre maison avec nos services de peinture ext\u00e9rieure \u00e0 Beauce, Qu\u00e9bec. Spray-Net offre une finition d&#039;usine pour transformer votre rev\u00eatement ext\u00e9rieur, brique, stuc, portes et fen\u00eatres, soutenu par notre garantie de 15 ans contre l&#039;\u00e9caillage. Obtenez une soumission GRATUITE aujourd&#039;hui (581) 705-8914\" \/>\n<meta property=\"og:url\" content=\"https:\/\/www.spray-net.com\/fr\/beauce\/peinture-exterieure\/\" \/>\n<meta property=\"og:site_name\" content=\"spraynet\" \/>\n<meta property=\"article:modified_time\" content=\"2023-01-10T15:39:24+00:00\" \/>\n<meta property=\"og:image\" content=\"https:\/\/www.spray-net.com\/wp-content\/uploads\/2021\/05\/Horizontal_ENG.png\" \/>\n\t<meta property=\"og:image:width\" content=\"681\" \/>\n\t<meta property=\"og:image:height\" content=\"189\" \/>\n\t<meta property=\"og:image:type\" content=\"image\/png\" \/>\n<meta name=\"twitter:card\" content=\"summary_large_image\" \/>\n<script type=\"application\/ld+json\" class=\"yoast-schema-graph\">{\"@context\":\"https:\/\/schema.org\",\"@graph\":[{\"@type\":\"WebPage\",\"@id\":\"https:\/\/www.spray-net.com\/fr\/beauce\/peinture-exterieure\/\",\"url\":\"https:\/\/www.spray-net.com\/fr\/beauce\/peinture-exterieure\/\",\"name\":\"Service de peinture de l'ext\u00e9rieur de la maison \u00e0 Beauce, Qu\u00e9bec | Spray-Net\",\"isPartOf\":{\"@id\":\"https:\/\/www.spray-net.com\/fr#website\"},\"datePublished\":\"2021-02-10T17:20:44+00:00\",\"dateModified\":\"2023-01-10T15:39:24+00:00\",\"description\":\"Transformez votre maison avec nos services de peinture ext\u00e9rieure \u00e0 Beauce, Qu\u00e9bec. Spray-Net offre une finition d'usine pour transformer votre rev\u00eatement ext\u00e9rieur, brique, stuc, portes et fen\u00eatres, soutenu par notre garantie de 15 ans contre l'\u00e9caillage. Obtenez une soumission GRATUITE aujourd'hui (581) 705-8914\",\"breadcrumb\":{\"@id\":\"https:\/\/www.spray-net.com\/fr\/beauce\/peinture-exterieure\/#breadcrumb\"},\"inLanguage\":\"fr-FR\",\"potentialAction\":[{\"@type\":\"ReadAction\",\"target\":[\"https:\/\/www.spray-net.com\/fr\/beauce\/peinture-exterieure\/\"]}]},{\"@type\":\"BreadcrumbList\",\"@id\":\"https:\/\/www.spray-net.com\/fr\/beauce\/peinture-exterieure\/#breadcrumb\",\"itemListElement\":[{\"@type\":\"ListItem\",\"position\":1,\"name\":\"Home\",\"item\":\"https:\/\/www.spray-net.com\/fr\"},{\"@type\":\"ListItem\",\"position\":2,\"name\":\"Beauce Exterior &#8211; French\"}]},{\"@type\":\"WebSite\",\"@id\":\"https:\/\/www.spray-net.com\/fr#website\",\"url\":\"https:\/\/www.spray-net.com\/fr\",\"name\":\"spraynet\",\"description\":\"\",\"publisher\":{\"@id\":\"https:\/\/www.spray-net.com\/fr#organization\"},\"potentialAction\":[{\"@type\":\"SearchAction\",\"target\":{\"@type\":\"EntryPoint\",\"urlTemplate\":\"https:\/\/www.spray-net.com\/fr?s={search_term_string}\"},\"query-input\":{\"@type\":\"PropertyValueSpecification\",\"valueRequired\":true,\"valueName\":\"search_term_string\"}}],\"inLanguage\":\"fr-FR\"},{\"@type\":\"Organization\",\"@id\":\"https:\/\/www.spray-net.com\/fr#organization\",\"name\":\"spraynet\",\"url\":\"https:\/\/www.spray-net.com\/fr\",\"logo\":{\"@type\":\"ImageObject\",\"inLanguage\":\"fr-FR\",\"@id\":\"https:\/\/www.spray-net.com\/fr#\/schema\/logo\/image\/\",\"url\":\"https:\/\/www.spray-net.com\/wp-content\/uploads\/2021\/05\/Horizontal_ENG.png\",\"contentUrl\":\"https:\/\/www.spray-net.com\/wp-content\/uploads\/2021\/05\/Horizontal_ENG.png\",\"width\":681,\"height\":189,\"caption\":\"spraynet\"},\"image\":{\"@id\":\"https:\/\/www.spray-net.com\/fr#\/schema\/logo\/image\/\"}}]}<\/script>\n<!-- \/ Yoast SEO plugin. -->","yoast_head_json":{"title":"Service de peinture de l'ext\u00e9rieur de la maison \u00e0 Beauce, Qu\u00e9bec | Spray-Net","description":"Transformez votre maison avec nos services de peinture ext\u00e9rieure \u00e0 Beauce, Qu\u00e9bec. Spray-Net offre une finition d'usine pour transformer votre rev\u00eatement ext\u00e9rieur, brique, stuc, portes et fen\u00eatres, soutenu par notre garantie de 15 ans contre l'\u00e9caillage. Obtenez une soumission GRATUITE aujourd'hui (581) 705-8914","robots":{"index":"index","follow":"follow","max-snippet":"max-snippet:-1","max-image-preview":"max-image-preview:large","max-video-preview":"max-video-preview:-1"},"canonical":"https:\/\/www.spray-net.com\/fr\/beauce\/peinture-exterieure","og_locale":"fr_FR","og_type":"article","og_title":"Service de peinture de l'ext\u00e9rieur de la maison \u00e0 Beauce, Qu\u00e9bec | Spray-Net","og_description":"Transformez votre maison avec nos services de peinture ext\u00e9rieure \u00e0 Beauce, Qu\u00e9bec. Spray-Net offre une finition d'usine pour transformer votre rev\u00eatement ext\u00e9rieur, brique, stuc, portes et fen\u00eatres, soutenu par notre garantie de 15 ans contre l'\u00e9caillage. Obtenez une soumission GRATUITE aujourd'hui (581) 705-8914","og_url":"https:\/\/www.spray-net.com\/fr\/beauce\/peinture-exterieure\/","og_site_name":"spraynet","article_modified_time":"2023-01-10T15:39:24+00:00","og_image":[{"width":681,"height":189,"url":"https:\/\/www.spray-net.com\/wp-content\/uploads\/2021\/05\/Horizontal_ENG.png","type":"image\/png"}],"twitter_card":"summary_large_image","schema":{"@context":"https:\/\/schema.org","@graph":[{"@type":"WebPage","@id":"https:\/\/www.spray-net.com\/fr\/beauce\/peinture-exterieure\/","url":"https:\/\/www.spray-net.com\/fr\/beauce\/peinture-exterieure\/","name":"Service de peinture de l'ext\u00e9rieur de la maison \u00e0 Beauce, Qu\u00e9bec | Spray-Net","isPartOf":{"@id":"https:\/\/www.spray-net.com\/fr#website"},"datePublished":"2021-02-10T17:20:44+00:00","dateModified":"2023-01-10T15:39:24+00:00","description":"Transformez votre maison avec nos services de peinture ext\u00e9rieure \u00e0 Beauce, Qu\u00e9bec. Spray-Net offre une finition d'usine pour transformer votre rev\u00eatement ext\u00e9rieur, brique, stuc, portes et fen\u00eatres, soutenu par notre garantie de 15 ans contre l'\u00e9caillage. Obtenez une soumission GRATUITE aujourd'hui (581) 705-8914","breadcrumb":{"@id":"https:\/\/www.spray-net.com\/fr\/beauce\/peinture-exterieure\/#breadcrumb"},"inLanguage":"fr-FR","potentialAction":[{"@type":"ReadAction","target":["https:\/\/www.spray-net.com\/fr\/beauce\/peinture-exterieure\/"]}]},{"@type":"BreadcrumbList","@id":"https:\/\/www.spray-net.com\/fr\/beauce\/peinture-exterieure\/#breadcrumb","itemListElement":[{"@type":"ListItem","position":1,"name":"Home","item":"https:\/\/www.spray-net.com\/fr"},{"@type":"ListItem","position":2,"name":"Beauce Exterior &#8211; French"}]},{"@type":"WebSite","@id":"https:\/\/www.spray-net.com\/fr#website","url":"https:\/\/www.spray-net.com\/fr","name":"spraynet","description":"","publisher":{"@id":"https:\/\/www.spray-net.com\/fr#organization"},"potentialAction":[{"@type":"SearchAction","target":{"@type":"EntryPoint","urlTemplate":"https:\/\/www.spray-net.com\/fr?s={search_term_string}"},"query-input":{"@type":"PropertyValueSpecification","valueRequired":true,"valueName":"search_term_string"}}],"inLanguage":"fr-FR"},{"@type":"Organization","@id":"https:\/\/www.spray-net.com\/fr#organization","name":"spraynet","url":"https:\/\/www.spray-net.com\/fr","logo":{"@type":"ImageObject","inLanguage":"fr-FR","@id":"https:\/\/www.spray-net.com\/fr#\/schema\/logo\/image\/","url":"https:\/\/www.spray-net.com\/wp-content\/uploads\/2021\/05\/Horizontal_ENG.png","contentUrl":"https:\/\/www.spray-net.com\/wp-content\/uploads\/2021\/05\/Horizontal_ENG.png","width":681,"height":189,"caption":"spraynet"},"image":{"@id":"https:\/\/www.spray-net.com\/fr#\/schema\/logo\/image\/"}}]}},"_links":{"self":[{"href":"https:\/\/www.spray-net.com\/fr\/wp-json\/wp\/v2\/pages\/1569802","targetHints":{"allow":["GET"]}}],"collection":[{"href":"https:\/\/www.spray-net.com\/fr\/wp-json\/wp\/v2\/pages"}],"about":[{"href":"https:\/\/www.spray-net.com\/fr\/wp-json\/wp\/v2\/types\/page"}],"author":[{"embeddable":true,"href":"https:\/\/www.spray-net.com\/fr\/wp-json\/wp\/v2\/users\/20"}],"replies":[{"embeddable":true,"href":"https:\/\/www.spray-net.com\/fr\/wp-json\/wp\/v2\/comments?post=1569802"}],"version-history":[{"count":0,"href":"https:\/\/www.spray-net.com\/fr\/wp-json\/wp\/v2\/pages\/1569802\/revisions"}],"wp:attachment":[{"href":"https:\/\/www.spray-net.com\/fr\/wp-json\/wp\/v2\/media?parent=1569802"}],"curies":[{"name":"wp","href":"https:\/\/api.w.org\/{rel}","templated":true}]}}