{"id":1569467,"date":"2021-01-15T09:17:36","date_gmt":"2021-01-15T09:17:36","guid":{"rendered":"https:\/\/spraynet.wpengine.com\/?page_id=1569467"},"modified":"2024-10-15T02:19:13","modified_gmt":"2024-10-15T02:19:13","slug":"how-our-price-work","status":"publish","type":"page","link":"https:\/\/www.spray-net.com\/fr\/comment-fonctionnent-nos-prix","title":{"rendered":"Comment fonctionnent nos prix"},"content":{"rendered":"","protected":false},"excerpt":{"rendered":"","protected":false},"author":1,"featured_media":0,"parent":0,"menu_order":0,"comment_status":"closed","ping_status":"closed","template":"templates\/our-price.php","meta":{"_acf_changed":false,"footnotes":""},"class_list":["post-1569467","page","type-page","status-publish","hentry"],"acf":[],"yoast_head":"<!-- This site is optimized with the Yoast SEO plugin v26.4 - https:\/\/yoast.com\/wordpress\/plugins\/seo\/ -->\n<title>Comment fonctionnent nos prix - spraynet<\/title>\n<meta name=\"description\" content=\"Le prix de votre r\u00e9novation Spray-Net est d\u00e9termin\u00e9 par plusieurs facteurs, y compris l&#039;accessibilit\u00e9, la pr\u00e9paration, le type de surface, les pieds carr\u00e9s et les couleurs.\" \/>\n<meta name=\"robots\" content=\"index, follow, max-snippet:-1, max-image-preview:large, max-video-preview:-1\" \/>\n<link rel=\"canonical\" href=\"https:\/\/www.spray-net.com\/fr\/Comment-fonctionnent-nos-prix\" \/>\n<meta property=\"og:locale\" content=\"fr_FR\" \/>\n<meta property=\"og:type\" content=\"article\" \/>\n<meta property=\"og:title\" content=\"Comment fonctionnent nos prix - spraynet\" \/>\n<meta property=\"og:description\" content=\"Le prix de votre r\u00e9novation Spray-Net est d\u00e9termin\u00e9 par plusieurs facteurs, y compris l&#039;accessibilit\u00e9, la pr\u00e9paration, le type de surface, les pieds carr\u00e9s et les couleurs.\" \/>\n<meta property=\"og:url\" content=\"https:\/\/www.spray-net.com\/fr\/Comment-fonctionnent-nos-prix\" \/>\n<meta property=\"og:site_name\" content=\"spraynet\" \/>\n<meta property=\"article:modified_time\" content=\"2024-10-15T02:19:13+00:00\" \/>\n<meta property=\"og:image\" content=\"https:\/\/www.spray-net.com\/wp-content\/uploads\/2021\/05\/Horizontal_ENG.png\" \/>\n\t<meta property=\"og:image:width\" content=\"681\" \/>\n\t<meta property=\"og:image:height\" content=\"189\" \/>\n\t<meta property=\"og:image:type\" content=\"image\/png\" \/>\n<meta name=\"twitter:card\" content=\"summary_large_image\" \/>\n<script type=\"application\/ld+json\" class=\"yoast-schema-graph\">{\"@context\":\"https:\/\/schema.org\",\"@graph\":[{\"@type\":\"WebPage\",\"@id\":\"https:\/\/www.spray-net.com\/fr\/comment-fonctionnent-nos-prix\",\"url\":\"https:\/\/www.spray-net.com\/fr\/Comment-fonctionnent-nos-prix\",\"name\":\"Comment fonctionnent nos prix - spraynet\",\"isPartOf\":{\"@id\":\"https:\/\/www.spray-net.com\/fr#website\"},\"datePublished\":\"2021-01-15T09:17:36+00:00\",\"dateModified\":\"2024-10-15T02:19:13+00:00\",\"description\":\"Le prix de votre r\u00e9novation Spray-Net est d\u00e9termin\u00e9 par plusieurs facteurs, y compris l'accessibilit\u00e9, la pr\u00e9paration, le type de surface, les pieds carr\u00e9s et les couleurs.\",\"breadcrumb\":{\"@id\":\"https:\/\/www.spray-net.com\/fr\/Comment-fonctionnent-nos-prix#breadcrumb\"},\"inLanguage\":\"fr-FR\",\"potentialAction\":[{\"@type\":\"ReadAction\",\"target\":[\"https:\/\/www.spray-net.com\/fr\/Comment-fonctionnent-nos-prix\"]}]},{\"@type\":\"BreadcrumbList\",\"@id\":\"https:\/\/www.spray-net.com\/fr\/Comment-fonctionnent-nos-prix#breadcrumb\",\"itemListElement\":[{\"@type\":\"ListItem\",\"position\":1,\"name\":\"Home\",\"item\":\"https:\/\/www.spray-net.com\/fr\"},{\"@type\":\"ListItem\",\"position\":2,\"name\":\"Comment fonctionnent nos prix\"}]},{\"@type\":\"WebSite\",\"@id\":\"https:\/\/www.spray-net.com\/fr#website\",\"url\":\"https:\/\/www.spray-net.com\/fr\",\"name\":\"spraynet\",\"description\":\"\",\"publisher\":{\"@id\":\"https:\/\/www.spray-net.com\/fr#organization\"},\"potentialAction\":[{\"@type\":\"SearchAction\",\"target\":{\"@type\":\"EntryPoint\",\"urlTemplate\":\"https:\/\/www.spray-net.com\/fr?s={search_term_string}\"},\"query-input\":{\"@type\":\"PropertyValueSpecification\",\"valueRequired\":true,\"valueName\":\"search_term_string\"}}],\"inLanguage\":\"fr-FR\"},{\"@type\":\"Organization\",\"@id\":\"https:\/\/www.spray-net.com\/fr#organization\",\"name\":\"spraynet\",\"url\":\"https:\/\/www.spray-net.com\/fr\",\"logo\":{\"@type\":\"ImageObject\",\"inLanguage\":\"fr-FR\",\"@id\":\"https:\/\/www.spray-net.com\/fr#\/schema\/logo\/image\/\",\"url\":\"https:\/\/www.spray-net.com\/wp-content\/uploads\/2021\/05\/Horizontal_ENG.png\",\"contentUrl\":\"https:\/\/www.spray-net.com\/wp-content\/uploads\/2021\/05\/Horizontal_ENG.png\",\"width\":681,\"height\":189,\"caption\":\"spraynet\"},\"image\":{\"@id\":\"https:\/\/www.spray-net.com\/fr#\/schema\/logo\/image\/\"}}]}<\/script>\n<!-- \/ Yoast SEO plugin. -->","yoast_head_json":{"title":"Comment fonctionnent nos prix - spraynet","description":"Le prix de votre r\u00e9novation Spray-Net est d\u00e9termin\u00e9 par plusieurs facteurs, y compris l'accessibilit\u00e9, la pr\u00e9paration, le type de surface, les pieds carr\u00e9s et les couleurs.","robots":{"index":"index","follow":"follow","max-snippet":"max-snippet:-1","max-image-preview":"max-image-preview:large","max-video-preview":"max-video-preview:-1"},"canonical":"https:\/\/www.spray-net.com\/fr\/Comment-fonctionnent-nos-prix","og_locale":"fr_FR","og_type":"article","og_title":"Comment fonctionnent nos prix - spraynet","og_description":"Le prix de votre r\u00e9novation Spray-Net est d\u00e9termin\u00e9 par plusieurs facteurs, y compris l'accessibilit\u00e9, la pr\u00e9paration, le type de surface, les pieds carr\u00e9s et les couleurs.","og_url":"https:\/\/www.spray-net.com\/fr\/Comment-fonctionnent-nos-prix","og_site_name":"spraynet","article_modified_time":"2024-10-15T02:19:13+00:00","og_image":[{"width":681,"height":189,"url":"https:\/\/www.spray-net.com\/wp-content\/uploads\/2021\/05\/Horizontal_ENG.png","type":"image\/png"}],"twitter_card":"summary_large_image","schema":{"@context":"https:\/\/schema.org","@graph":[{"@type":"WebPage","@id":"https:\/\/www.spray-net.com\/fr\/comment-fonctionnent-nos-prix","url":"https:\/\/www.spray-net.com\/fr\/Comment-fonctionnent-nos-prix","name":"Comment fonctionnent nos prix - spraynet","isPartOf":{"@id":"https:\/\/www.spray-net.com\/fr#website"},"datePublished":"2021-01-15T09:17:36+00:00","dateModified":"2024-10-15T02:19:13+00:00","description":"Le prix de votre r\u00e9novation Spray-Net est d\u00e9termin\u00e9 par plusieurs facteurs, y compris l'accessibilit\u00e9, la pr\u00e9paration, le type de surface, les pieds carr\u00e9s et les couleurs.","breadcrumb":{"@id":"https:\/\/www.spray-net.com\/fr\/Comment-fonctionnent-nos-prix#breadcrumb"},"inLanguage":"fr-FR","potentialAction":[{"@type":"ReadAction","target":["https:\/\/www.spray-net.com\/fr\/Comment-fonctionnent-nos-prix"]}]},{"@type":"BreadcrumbList","@id":"https:\/\/www.spray-net.com\/fr\/Comment-fonctionnent-nos-prix#breadcrumb","itemListElement":[{"@type":"ListItem","position":1,"name":"Home","item":"https:\/\/www.spray-net.com\/fr"},{"@type":"ListItem","position":2,"name":"Comment fonctionnent nos prix"}]},{"@type":"WebSite","@id":"https:\/\/www.spray-net.com\/fr#website","url":"https:\/\/www.spray-net.com\/fr","name":"spraynet","description":"","publisher":{"@id":"https:\/\/www.spray-net.com\/fr#organization"},"potentialAction":[{"@type":"SearchAction","target":{"@type":"EntryPoint","urlTemplate":"https:\/\/www.spray-net.com\/fr?s={search_term_string}"},"query-input":{"@type":"PropertyValueSpecification","valueRequired":true,"valueName":"search_term_string"}}],"inLanguage":"fr-FR"},{"@type":"Organization","@id":"https:\/\/www.spray-net.com\/fr#organization","name":"spraynet","url":"https:\/\/www.spray-net.com\/fr","logo":{"@type":"ImageObject","inLanguage":"fr-FR","@id":"https:\/\/www.spray-net.com\/fr#\/schema\/logo\/image\/","url":"https:\/\/www.spray-net.com\/wp-content\/uploads\/2021\/05\/Horizontal_ENG.png","contentUrl":"https:\/\/www.spray-net.com\/wp-content\/uploads\/2021\/05\/Horizontal_ENG.png","width":681,"height":189,"caption":"spraynet"},"image":{"@id":"https:\/\/www.spray-net.com\/fr#\/schema\/logo\/image\/"}}]}},"_links":{"self":[{"href":"https:\/\/www.spray-net.com\/fr\/wp-json\/wp\/v2\/pages\/1569467","targetHints":{"allow":["GET"]}}],"collection":[{"href":"https:\/\/www.spray-net.com\/fr\/wp-json\/wp\/v2\/pages"}],"about":[{"href":"https:\/\/www.spray-net.com\/fr\/wp-json\/wp\/v2\/types\/page"}],"author":[{"embeddable":true,"href":"https:\/\/www.spray-net.com\/fr\/wp-json\/wp\/v2\/users\/1"}],"replies":[{"embeddable":true,"href":"https:\/\/www.spray-net.com\/fr\/wp-json\/wp\/v2\/comments?post=1569467"}],"version-history":[{"count":0,"href":"https:\/\/www.spray-net.com\/fr\/wp-json\/wp\/v2\/pages\/1569467\/revisions"}],"wp:attachment":[{"href":"https:\/\/www.spray-net.com\/fr\/wp-json\/wp\/v2\/media?parent=1569467"}],"curies":[{"name":"wp","href":"https:\/\/api.w.org\/{rel}","templated":true}]}}