{"id":1568991,"date":"2020-12-31T14:54:46","date_gmt":"2020-12-31T14:54:46","guid":{"rendered":"https:\/\/spraynet.wpengine.com\/?page_id=1568991"},"modified":"2024-10-11T05:47:18","modified_gmt":"2024-10-11T05:47:18","slug":"reserver","status":"publish","type":"page","link":"https:\/\/www.spray-net.com\/fr\/reserver","title":{"rendered":"R\u00e9server"},"content":{"rendered":"    \n   \n    <iframe id='selfbooking-en' width=\"100%\" height=\"100%\" style=\"\" src=\"https:\/\/spray-network.com\/self-booking\/?lang=fr&ref=&Referrer-id=&saleId=&fbclid=&exactprice=1&pathb=1\"><\/iframe>\n    <script>\n    pintrk('track', 'lead', {\n    lead_type: 'Newsletter'\n    });\n    <\/script>\n   \n","protected":false},"excerpt":{"rendered":"","protected":false},"author":1,"featured_media":1577809,"parent":0,"menu_order":0,"comment_status":"closed","ping_status":"closed","template":"","meta":{"_acf_changed":false,"footnotes":""},"class_list":["post-1568991","page","type-page","status-publish","has-post-thumbnail","hentry"],"acf":[],"yoast_head":"<!-- This site is optimized with the Yoast SEO plugin v26.4 - https:\/\/yoast.com\/wordpress\/plugins\/seo\/ -->\n<title>R\u00e9server - spraynet<\/title>\n<meta name=\"description\" content=\"Gagnez jusqu&#039;\u00e0 500 $ en remboursement pour chaque ami qui r\u00e9serve une r\u00e9novation de maison. Ils b\u00e9n\u00e9ficieront \u00e9galement d&#039;une r\u00e9duction sur leur projet. C&#039;est le cadeau qui ne cesse de donner !\" \/>\n<meta name=\"robots\" content=\"index, follow, max-snippet:-1, max-image-preview:large, max-video-preview:-1\" \/>\n<link rel=\"canonical\" href=\"https:\/\/www.spray-net.com\/fr\/reserver\" \/>\n<meta property=\"og:locale\" content=\"fr_FR\" \/>\n<meta property=\"og:type\" content=\"article\" \/>\n<meta property=\"og:title\" content=\"R\u00e9server - spraynet\" \/>\n<meta property=\"og:description\" content=\"Gagnez jusqu&#039;\u00e0 500 $ en remboursement pour chaque ami qui r\u00e9serve une r\u00e9novation de maison. Ils b\u00e9n\u00e9ficieront \u00e9galement d&#039;une r\u00e9duction sur leur projet. C&#039;est le cadeau qui ne cesse de donner !\" \/>\n<meta property=\"og:url\" content=\"https:\/\/www.spray-net.com\/fr\/reserver\" \/>\n<meta property=\"og:site_name\" content=\"spraynet\" \/>\n<meta property=\"article:modified_time\" content=\"2024-10-11T05:47:18+00:00\" \/>\n<meta property=\"og:image\" content=\"https:\/\/www.spray-net.com\/wp-content\/uploads\/2022\/07\/Untitled-design-7-1.png\" \/>\n\t<meta property=\"og:image:width\" content=\"782\" \/>\n\t<meta property=\"og:image:height\" content=\"578\" \/>\n\t<meta property=\"og:image:type\" content=\"image\/png\" \/>\n<meta name=\"twitter:card\" content=\"summary_large_image\" \/>\n<meta name=\"twitter:label1\" content=\"Dur\u00e9e de lecture estim\u00e9e\" \/>\n\t<meta name=\"twitter:data1\" content=\"1 minute\" \/>\n<script type=\"application\/ld+json\" class=\"yoast-schema-graph\">{\"@context\":\"https:\/\/schema.org\",\"@graph\":[{\"@type\":\"WebPage\",\"@id\":\"https:\/\/www.spray-net.com\/fr\/reserver\",\"url\":\"https:\/\/www.spray-net.com\/fr\/reserver\",\"name\":\"R\u00e9server - spraynet\",\"isPartOf\":{\"@id\":\"https:\/\/www.spray-net.com\/fr#website\"},\"primaryImageOfPage\":{\"@id\":\"https:\/\/www.spray-net.com\/fr\/reserver#primaryimage\"},\"image\":{\"@id\":\"https:\/\/www.spray-net.com\/fr\/reserver#primaryimage\"},\"thumbnailUrl\":\"https:\/\/www.spray-net.com\/wp-content\/uploads\/2022\/07\/Untitled-design-7-1.png\",\"datePublished\":\"2020-12-31T14:54:46+00:00\",\"dateModified\":\"2024-10-11T05:47:18+00:00\",\"description\":\"Gagnez jusqu'\u00e0 500 $ en remboursement pour chaque ami qui r\u00e9serve une r\u00e9novation de maison. Ils b\u00e9n\u00e9ficieront \u00e9galement d'une r\u00e9duction sur leur projet. C'est le cadeau qui ne cesse de donner !\",\"breadcrumb\":{\"@id\":\"https:\/\/www.spray-net.com\/fr\/reserver#breadcrumb\"},\"inLanguage\":\"fr-FR\",\"potentialAction\":[{\"@type\":\"ReadAction\",\"target\":[\"https:\/\/www.spray-net.com\/fr\/reserver\"]}]},{\"@type\":\"ImageObject\",\"inLanguage\":\"fr-FR\",\"@id\":\"https:\/\/www.spray-net.com\/fr\/reserver#primaryimage\",\"url\":\"https:\/\/www.spray-net.com\/wp-content\/uploads\/2022\/07\/Untitled-design-7-1.png\",\"contentUrl\":\"https:\/\/www.spray-net.com\/wp-content\/uploads\/2022\/07\/Untitled-design-7-1.png\",\"width\":782,\"height\":578},{\"@type\":\"BreadcrumbList\",\"@id\":\"https:\/\/www.spray-net.com\/fr\/reserver#breadcrumb\",\"itemListElement\":[{\"@type\":\"ListItem\",\"position\":1,\"name\":\"Home\",\"item\":\"https:\/\/www.spray-net.com\/fr\"},{\"@type\":\"ListItem\",\"position\":2,\"name\":\"R\u00e9server\"}]},{\"@type\":\"WebSite\",\"@id\":\"https:\/\/www.spray-net.com\/fr#website\",\"url\":\"https:\/\/www.spray-net.com\/fr\",\"name\":\"spraynet\",\"description\":\"\",\"publisher\":{\"@id\":\"https:\/\/www.spray-net.com\/fr#organization\"},\"potentialAction\":[{\"@type\":\"SearchAction\",\"target\":{\"@type\":\"EntryPoint\",\"urlTemplate\":\"https:\/\/www.spray-net.com\/fr?s={search_term_string}\"},\"query-input\":{\"@type\":\"PropertyValueSpecification\",\"valueRequired\":true,\"valueName\":\"search_term_string\"}}],\"inLanguage\":\"fr-FR\"},{\"@type\":\"Organization\",\"@id\":\"https:\/\/www.spray-net.com\/fr#organization\",\"name\":\"spraynet\",\"url\":\"https:\/\/www.spray-net.com\/fr\",\"logo\":{\"@type\":\"ImageObject\",\"inLanguage\":\"fr-FR\",\"@id\":\"https:\/\/www.spray-net.com\/fr#\/schema\/logo\/image\/\",\"url\":\"https:\/\/www.spray-net.com\/wp-content\/uploads\/2021\/05\/Horizontal_ENG.png\",\"contentUrl\":\"https:\/\/www.spray-net.com\/wp-content\/uploads\/2021\/05\/Horizontal_ENG.png\",\"width\":681,\"height\":189,\"caption\":\"spraynet\"},\"image\":{\"@id\":\"https:\/\/www.spray-net.com\/fr#\/schema\/logo\/image\/\"}}]}<\/script>\n<!-- \/ Yoast SEO plugin. -->","yoast_head_json":{"title":"R\u00e9server - spraynet","description":"Gagnez jusqu'\u00e0 500 $ en remboursement pour chaque ami qui r\u00e9serve une r\u00e9novation de maison. Ils b\u00e9n\u00e9ficieront \u00e9galement d'une r\u00e9duction sur leur projet. C'est le cadeau qui ne cesse de donner !","robots":{"index":"index","follow":"follow","max-snippet":"max-snippet:-1","max-image-preview":"max-image-preview:large","max-video-preview":"max-video-preview:-1"},"canonical":"https:\/\/www.spray-net.com\/fr\/reserver","og_locale":"fr_FR","og_type":"article","og_title":"R\u00e9server - spraynet","og_description":"Gagnez jusqu'\u00e0 500 $ en remboursement pour chaque ami qui r\u00e9serve une r\u00e9novation de maison. Ils b\u00e9n\u00e9ficieront \u00e9galement d'une r\u00e9duction sur leur projet. C'est le cadeau qui ne cesse de donner !","og_url":"https:\/\/www.spray-net.com\/fr\/reserver","og_site_name":"spraynet","article_modified_time":"2024-10-11T05:47:18+00:00","og_image":[{"width":782,"height":578,"url":"https:\/\/www.spray-net.com\/wp-content\/uploads\/2022\/07\/Untitled-design-7-1.png","type":"image\/png"}],"twitter_card":"summary_large_image","twitter_misc":{"Dur\u00e9e de lecture estim\u00e9e":"1 minute"},"schema":{"@context":"https:\/\/schema.org","@graph":[{"@type":"WebPage","@id":"https:\/\/www.spray-net.com\/fr\/reserver","url":"https:\/\/www.spray-net.com\/fr\/reserver","name":"R\u00e9server - spraynet","isPartOf":{"@id":"https:\/\/www.spray-net.com\/fr#website"},"primaryImageOfPage":{"@id":"https:\/\/www.spray-net.com\/fr\/reserver#primaryimage"},"image":{"@id":"https:\/\/www.spray-net.com\/fr\/reserver#primaryimage"},"thumbnailUrl":"https:\/\/www.spray-net.com\/wp-content\/uploads\/2022\/07\/Untitled-design-7-1.png","datePublished":"2020-12-31T14:54:46+00:00","dateModified":"2024-10-11T05:47:18+00:00","description":"Gagnez jusqu'\u00e0 500 $ en remboursement pour chaque ami qui r\u00e9serve une r\u00e9novation de maison. Ils b\u00e9n\u00e9ficieront \u00e9galement d'une r\u00e9duction sur leur projet. C'est le cadeau qui ne cesse de donner !","breadcrumb":{"@id":"https:\/\/www.spray-net.com\/fr\/reserver#breadcrumb"},"inLanguage":"fr-FR","potentialAction":[{"@type":"ReadAction","target":["https:\/\/www.spray-net.com\/fr\/reserver"]}]},{"@type":"ImageObject","inLanguage":"fr-FR","@id":"https:\/\/www.spray-net.com\/fr\/reserver#primaryimage","url":"https:\/\/www.spray-net.com\/wp-content\/uploads\/2022\/07\/Untitled-design-7-1.png","contentUrl":"https:\/\/www.spray-net.com\/wp-content\/uploads\/2022\/07\/Untitled-design-7-1.png","width":782,"height":578},{"@type":"BreadcrumbList","@id":"https:\/\/www.spray-net.com\/fr\/reserver#breadcrumb","itemListElement":[{"@type":"ListItem","position":1,"name":"Home","item":"https:\/\/www.spray-net.com\/fr"},{"@type":"ListItem","position":2,"name":"R\u00e9server"}]},{"@type":"WebSite","@id":"https:\/\/www.spray-net.com\/fr#website","url":"https:\/\/www.spray-net.com\/fr","name":"spraynet","description":"","publisher":{"@id":"https:\/\/www.spray-net.com\/fr#organization"},"potentialAction":[{"@type":"SearchAction","target":{"@type":"EntryPoint","urlTemplate":"https:\/\/www.spray-net.com\/fr?s={search_term_string}"},"query-input":{"@type":"PropertyValueSpecification","valueRequired":true,"valueName":"search_term_string"}}],"inLanguage":"fr-FR"},{"@type":"Organization","@id":"https:\/\/www.spray-net.com\/fr#organization","name":"spraynet","url":"https:\/\/www.spray-net.com\/fr","logo":{"@type":"ImageObject","inLanguage":"fr-FR","@id":"https:\/\/www.spray-net.com\/fr#\/schema\/logo\/image\/","url":"https:\/\/www.spray-net.com\/wp-content\/uploads\/2021\/05\/Horizontal_ENG.png","contentUrl":"https:\/\/www.spray-net.com\/wp-content\/uploads\/2021\/05\/Horizontal_ENG.png","width":681,"height":189,"caption":"spraynet"},"image":{"@id":"https:\/\/www.spray-net.com\/fr#\/schema\/logo\/image\/"}}]}},"_links":{"self":[{"href":"https:\/\/www.spray-net.com\/fr\/wp-json\/wp\/v2\/pages\/1568991","targetHints":{"allow":["GET"]}}],"collection":[{"href":"https:\/\/www.spray-net.com\/fr\/wp-json\/wp\/v2\/pages"}],"about":[{"href":"https:\/\/www.spray-net.com\/fr\/wp-json\/wp\/v2\/types\/page"}],"author":[{"embeddable":true,"href":"https:\/\/www.spray-net.com\/fr\/wp-json\/wp\/v2\/users\/1"}],"replies":[{"embeddable":true,"href":"https:\/\/www.spray-net.com\/fr\/wp-json\/wp\/v2\/comments?post=1568991"}],"version-history":[{"count":0,"href":"https:\/\/www.spray-net.com\/fr\/wp-json\/wp\/v2\/pages\/1568991\/revisions"}],"wp:featuredmedia":[{"embeddable":true,"href":"https:\/\/www.spray-net.com\/fr\/wp-json\/wp\/v2\/media\/1577809"}],"wp:attachment":[{"href":"https:\/\/www.spray-net.com\/fr\/wp-json\/wp\/v2\/media?parent=1568991"}],"curies":[{"name":"wp","href":"https:\/\/api.w.org\/{rel}","templated":true}]}}