{"id":1067353,"date":"2019-05-13T18:43:30","date_gmt":"2019-05-13T18:43:30","guid":{"rendered":"https:\/\/spraynet.wpengine.com\/?page_id=1067353"},"modified":"2026-03-24T20:40:41","modified_gmt":"2026-03-24T20:40:41","slug":"politique-de-confidentialite","status":"publish","type":"page","link":"https:\/\/www.spray-net.com\/fr\/politique-de-confidentialite","title":{"rendered":"Politique de Confidentialit\u00e9"},"content":{"rendered":"<h1>Politique de Confidentialit\u00e9<\/h1>\n<p>Date de prise d&rsquo;effet: le 24 mars, 2026<\/p>\n<p>Spray-Net (\u00ab nous \u00bb, \u00ab notre \u00bb, \u00ab nos \u00bb) exploite le site web www.spray-net.com (ci-apr\u00e8s d\u00e9sign\u00e9 par le terme \u00ab Service \u00bb).<\/p>\n<p>Cette page vous explique nos politiques en mati\u00e8re de collecte, d&rsquo;utilisation et de communication des donn\u00e9es \u00e0 caract\u00e8re personnel lorsque vous utilisez notre Service ainsi que les choix qui s&rsquo;offrent \u00e0 vous en ce qui concerne ces donn\u00e9es.<\/p>\n<p>Nous utilisons vos donn\u00e9es pour fournir et am\u00e9liorer le Service. En utilisant le Service, vous consentez \u00e0 la collecte et \u00e0 l&rsquo;utilisation d&rsquo;informations conform\u00e9ment \u00e0 la pr\u00e9sente politique. Sauf d\u00e9finition contraire dans la pr\u00e9sente Politique de Confidentialit\u00e9, les termes utilis\u00e9s ont la m\u00eame signification que dans nos Conditions G\u00e9n\u00e9rales disponibles sur www.spray-net.com.<\/p>\n<h1>D\u00e9finitions<\/h1>\n<p><strong>Service : <\/strong>le site web www.spray-net.com exploit\u00e9 par Spray-Net.<\/p>\n<p><strong>Donn\u00e9es \u00e0 Caract\u00e8re Personnel : <\/strong>donn\u00e9es concernant un individu vivant qui peut \u00eatre identifi\u00e9 \u00e0 partir de ces donn\u00e9es (ou \u00e0 partir de ces donn\u00e9es et d&rsquo;autres informations en notre possession ou susceptibles d&rsquo;entrer en notre possession).<\/p>\n<p><strong>Donn\u00e9es d&rsquo;Utilisation : <\/strong>donn\u00e9es recueillies automatiquement, g\u00e9n\u00e9r\u00e9es soit par l&rsquo;utilisation du Service, soit par l&rsquo;infrastructure du Service proprement dite (par exemple, dur\u00e9e de consultation d&rsquo;une page).<\/p>\n<p><strong>Cookies : <\/strong>petits fichiers enregistr\u00e9s sur votre dispositif (ordinateur ou dispositif mobile).<\/p>\n<h1>Collecte et utilisation des donn\u00e9es<\/h1>\n<p>Nous recueillons plusieurs types de donn\u00e9es \u00e0 diff\u00e9rentes fins en vue de vous fournir notre Service et de l&rsquo;am\u00e9liorer.<\/p>\n<h2>Types de donn\u00e9es recueillies<\/h2>\n<h2>Donn\u00e9es \u00e0 Caract\u00e8re Personnel<\/h2>\n<p>Lorsque vous utilisez notre Service, il est possible que nous vous demandions de nous fournir certaines donn\u00e9es personnelles nominatives pouvant servir \u00e0 vous contacter ou \u00e0 vous identifier (\u00ab Donn\u00e9es \u00e0 Caract\u00e8re Personnel \u00bb). Ces donn\u00e9es peuvent comprendre, mais de mani\u00e8re non limitative :<\/p>\n<ul>\n<li>Adresse e-mail<\/li>\n<li>Pr\u00e9nom et nom de famille<\/li>\n<li>Num\u00e9ro de t\u00e9l\u00e9phone<\/li>\n<li>Adresse, ville, province, \u00e9tat, code postal<\/li>\n<li>Cookies et Donn\u00e9es d&rsquo;Utilisation<\/li>\n<\/ul>\n<p>Nous pouvons utiliser vos Donn\u00e9es \u00e0 Caract\u00e8re Personnel pour vous envoyer des bulletins d&rsquo;information, des communications commerciales ou des promotions et d&rsquo;autres informations susceptibles de vous int\u00e9resser. Vous pouvez choisir de ne recevoir aucune communication de notre part en cliquant sur le lien de d\u00e9sabonnement figurant dans chacun de nos e-mails ou en nous contactant directement.<\/p>\n<h2>Donn\u00e9es d&rsquo;Utilisation<\/h2>\n<p>Nous pouvons \u00e9galement recueillir des informations relatives au mode d&rsquo;acc\u00e8s et d&rsquo;utilisation du Service (\u00ab Donn\u00e9es d&rsquo;Utilisation \u00bb). Ces donn\u00e9es peuvent comprendre des informations telles que l&rsquo;adresse IP de votre ordinateur, le type de navigateur, la version du navigateur, les pages de notre Service que vous consultez, la date et l&rsquo;heure de votre visite, le temps pass\u00e9 sur ces pages, les identifiants uniques de dispositifs ainsi que d&rsquo;autres donn\u00e9es de diagnostic.<\/p>\n<h2>Suivi et donn\u00e9es de cookies<\/h2>\n<p>Nous avons recours \u00e0 des cookies et \u00e0 d&rsquo;autres technologies de suivi similaires pour effectuer un suivi des activit\u00e9s effectu\u00e9es dans notre Service et conserver certaines informations.<\/p>\n<p>Les cookies sont des fichiers \u00e0 faible volume de donn\u00e9es pouvant comporter un identifiant unique anonyme. D&rsquo;autres technologies de suivi telles que les pixels, les balises et les scripts sont \u00e9galement utilis\u00e9es pour recueillir, suivre et analyser notre Service.<\/p>\n<p>Vous pouvez demander \u00e0 votre navigateur de refuser tous les cookies ou de vous avertir lorsqu&rsquo;un cookie est envoy\u00e9. Toutefois, si vous n&rsquo;acceptez pas les cookies, certains \u00e9l\u00e9ments de notre Service pourraient ne pas fonctionner correctement.<\/p>\n<p>Exemples de cookies que nous utilisons :<\/p>\n<ul>\n<li>Cookies de Session \u2013 pour faire fonctionner notre Service.<\/li>\n<li>Cookies de Pr\u00e9f\u00e9rences \u2013 pour m\u00e9moriser vos pr\u00e9f\u00e9rences et param\u00e8tres.<\/li>\n<li>Cookies de S\u00e9curit\u00e9 \u2013 pour des raisons de s\u00e9curit\u00e9.<\/li>\n<li>Cookies Marketing et de Suivi \u2013 pour diffuser des publicit\u00e9s pertinentes, mesurer les performances des campagnes et am\u00e9liorer nos efforts marketing. Nous utilisons notamment :<\/li>\n<li>Meta Pixel \u2013 pour suivre l&rsquo;activit\u00e9 des visiteurs et diffuser des annonces cibl\u00e9es sur les plateformes Meta (Facebook\/Instagram)<\/li>\n<li>Suivi Google Ads \u2013 pour mesurer les conversions et les performances des campagnes Google<\/li>\n<li>Cookies de Reciblage \u2013 pour afficher des annonces pertinentes aux utilisateurs ayant d\u00e9j\u00e0 visit\u00e9 notre site<\/li>\n<li>Suivi des Conversions \u2013 pour enregistrer lorsqu&rsquo;un utilisateur effectue une action souhait\u00e9e (ex. achat ou inscription) suite \u00e0 une interaction avec une annonce<\/li>\n<\/ul>\n<h1>Utilisation des donn\u00e9es<\/h1>\n<p>Spray-Net utilise les donn\u00e9es recueillies \u00e0 des fins diverses :<\/p>\n<ul>\n<li>Pour fournir et assurer notre Service<\/li>\n<li>Pour vous informer des changements apport\u00e9s \u00e0 notre Service<\/li>\n<li>Pour vous permettre d&rsquo;utiliser les fonctions interactives de notre Service<\/li>\n<li>Pour assurer l&rsquo;assistance client<\/li>\n<li>Pour recueillir des donn\u00e9es d&rsquo;analyse afin d&rsquo;am\u00e9liorer notre Service<\/li>\n<li>Pour contr\u00f4ler l&rsquo;utilisation de notre Service<\/li>\n<li>Pour d\u00e9tecter, pr\u00e9venir et r\u00e9gler les probl\u00e8mes techniques<\/li>\n<li>Pour vous faire part de l&rsquo;actualit\u00e9, d&rsquo;offres sp\u00e9ciales et d&rsquo;informations concernant d&rsquo;autres marchandises, services et \u00e9v\u00e9nements similaires \u00e0 ceux que vous avez d\u00e9j\u00e0 achet\u00e9s ou au sujet desquels vous vous \u00eates renseign\u00e9, sauf si vous avez indiqu\u00e9 ne pas vouloir recevoir de telles informations.<\/li>\n<\/ul>\n<h1>Transfert des donn\u00e9es<\/h1>\n<p>Les informations vous concernant, notamment vos Donn\u00e9es \u00e0 Caract\u00e8re Personnel, peuvent \u00eatre transf\u00e9r\u00e9es vers des ordinateurs situ\u00e9s dans des r\u00e9gions o\u00f9 la l\u00e9gislation relative \u00e0 la protection des donn\u00e9es diff\u00e8re de celle de votre territoire de r\u00e9sidence.<\/p>\n<p>Si vous r\u00e9sidez hors du Canada et choisissez de nous communiquer des informations, sachez que nous transf\u00e9rons les donn\u00e9es, y compris les Donn\u00e9es \u00e0 Caract\u00e8re Personnel, vers le Canada et que nous les y traitons.<\/p>\n<p>En acceptant la pr\u00e9sente Politique de Confidentialit\u00e9 puis en soumettant ces informations, vous consentez \u00e0 ce transfert.<\/p>\n<p>Spray-Net prendra toutes les mesures raisonnablement n\u00e9cessaires pour s&rsquo;assurer que vos donn\u00e9es soient trait\u00e9es de mani\u00e8re s\u00e9curis\u00e9e et conform\u00e9ment \u00e0 la pr\u00e9sente Politique de Confidentialit\u00e9. Vos Donn\u00e9es \u00e0 Caract\u00e8re Personnel ne seront transf\u00e9r\u00e9es vers aucune organisation ou pays \u00e0 moins que des contr\u00f4les ad\u00e9quats ne soient en place.<\/p>\n<h1>Communication de donn\u00e9es<\/h1>\n<h2>Communication aux forces de l&rsquo;ordre<\/h2>\n<p>Dans certaines circonstances, Spray-Net peut \u00eatre tenue de communiquer vos Donn\u00e9es \u00e0 Caract\u00e8re Personnel si la loi l&rsquo;exige ou en r\u00e9ponse \u00e0 des demandes valides \u00e9manant de pouvoirs publics (ex. un tribunal ou un organisme gouvernemental).<\/p>\n<h2>Exigences l\u00e9gales<\/h2>\n<p>Spray-Net peut communiquer vos Donn\u00e9es \u00e0 Caract\u00e8re Personnel si elle estime de bonne foi que cela est n\u00e9cessaire pour :<\/p>\n<ul>\n<li>S&rsquo;acquitter d&rsquo;une obligation l\u00e9gale<\/li>\n<li>Prot\u00e9ger et d\u00e9fendre les droits ou les biens de Spray-Net<\/li>\n<li>Pr\u00e9venir ou enqu\u00eater sur d&rsquo;\u00e9ventuels actes r\u00e9pr\u00e9hensibles dans le cadre du Service<\/li>\n<li>Assurer la s\u00e9curit\u00e9 personnelle des utilisateurs du Service ou du public<\/li>\n<li>Se prot\u00e9ger contre la responsabilit\u00e9 civile<\/li>\n<\/ul>\n<h1>S\u00e9curit\u00e9 des donn\u00e9es<\/h1>\n<p>La s\u00e9curit\u00e9 de vos donn\u00e9es nous tient \u00e0 c\u0153ur. Toutefois, aucune m\u00e9thode de transmission de donn\u00e9es par Internet ou m\u00e9thode de stockage \u00e9lectronique n&rsquo;est s\u00fbre \u00e0 100 %. Bien que nous nous efforcions d&rsquo;utiliser des m\u00e9thodes commercialement acceptables pour prot\u00e9ger vos Donn\u00e9es \u00e0 Caract\u00e8re Personnel, nous ne pouvons pas leur garantir une s\u00e9curit\u00e9 absolue.<\/p>\n<h1>Prestataires de services<\/h1>\n<p>Nous pouvons faire appel \u00e0 des soci\u00e9t\u00e9s tierces et \u00e0 des tierces personnes pour faciliter la prestation de notre Service (\u00ab Prestataires de Services \u00bb), assurer le Service en notre nom, ou nous aider \u00e0 analyser la fa\u00e7on dont notre Service est utilis\u00e9.<\/p>\n<p>Ces tiers n&rsquo;ont acc\u00e8s \u00e0 vos Donn\u00e9es \u00e0 Caract\u00e8re Personnel que pour effectuer ces t\u00e2ches en notre nom et il leur est interdit de les communiquer ou de les utiliser \u00e0 d&rsquo;autres fins.<\/p>\n<h2>Analyses<\/h2>\n<p>Nous pouvons faire appel \u00e0 des Prestataires de Services tiers pour surveiller et analyser l&rsquo;utilisation de notre Service.<\/p>\n<p><strong>Google Analytics : <\/strong>service d&rsquo;analyse web propos\u00e9 par Google qui assure le suivi du trafic d&rsquo;un site web. Google utilise les donn\u00e9es recueillies pour suivre et surveiller l&rsquo;utilisation de notre Service, et peut les utiliser pour personnaliser les annonces de son r\u00e9seau publicitaire. Vous pouvez emp\u00eacher que vos activit\u00e9s soient transmises \u00e0 Google Analytics en installant le plug-in navigateur Google Analytics Opt-out. Pour plus d&rsquo;informations : <a href=\"https:\/\/policies.google.com\/privacy?hl=fr\">https:\/\/policies.google.com\/privacy?hl=fr<\/a><\/p>\n<h2>Remarketing comportemental<\/h2>\n<p>Spray-Net fait appel \u00e0 des services de remarketing pour vous pr\u00e9senter des annonces sur des sites tiers apr\u00e8s que vous ayez consult\u00e9 notre Service.<\/p>\n<p><strong>Google Ads (AdWords) : <\/strong>service de remarketing fourni par Google Inc. Vous pouvez refuser Google Analytics for Display Advertising et personnaliser les annonces en vous rendant sur la page <a href=\"http:\/\/www.google.com\/settings\/ads\">Param\u00e8tres Google Ads<\/a>. Pour plus d&rsquo;informations : <a href=\"https:\/\/policies.google.com\/privacy?hl=fr\">https:\/\/policies.google.com\/privacy?hl=fr<\/a><\/p>\n<p><strong>Meta (anciennement Facebook) : <\/strong>service de remarketing fourni par Meta Platforms, Inc. Vous pouvez en savoir plus sur la publicit\u00e9 cibl\u00e9e de Meta et vous d\u00e9sinscrire via la Digital Advertising Alliance of Canada ou via les param\u00e8tres de votre appareil mobile. Pour plus d&rsquo;informations, consultez la Politique de confidentialit\u00e9 de Meta.<\/p>\n<h1>Liens pointant vers d&rsquo;autres sites<\/h1>\n<p>Notre Service peut contenir des liens pointant vers d&rsquo;autres sites que nous n&rsquo;exploitons pas. Si vous cliquez sur un lien de tiers, vous serez redirig\u00e9 vers le site de ce tiers. Nous vous recommandons d&rsquo;examiner la politique de confidentialit\u00e9 de chacun des sites que vous consultez.<\/p>\n<p>Nous n&rsquo;avons aucun contr\u00f4le sur le contenu, les politiques ou pratiques de confidentialit\u00e9 des sites ou services de tiers et d\u00e9clinons toute responsabilit\u00e9 en ce qui les concerne.<\/p>\n<h1>Vie priv\u00e9e des enfants<\/h1>\n<p>Notre Service ne s&rsquo;adresse pas aux personnes de moins de 18 ans (\u00ab Enfants \u00bb).<\/p>\n<p>Nous ne recueillons pas sciemment de donn\u00e9es personnelles aupr\u00e8s de personnes de moins de 18 ans. Si vous \u00eates un parent ou tuteur et que vous savez que votre enfant nous a communiqu\u00e9 des Donn\u00e9es \u00e0 Caract\u00e8re Personnel, veuillez nous contacter. Si nous apprenons avoir recueilli de telles donn\u00e9es sans v\u00e9rification du consentement parental, nous supprimerons ces informations de nos serveurs.<\/p>\n<h1>Vos droits sur vos informations<\/h1>\n<p>Sous r\u00e9serve de certaines exceptions et selon votre lieu de r\u00e9sidence, vous pouvez disposer de tout ou partie des droits suivants :<\/p>\n<ul>\n<li>Droit de savoir : le droit de demander la divulgation des Donn\u00e9es \u00e0 Caract\u00e8re Personnel que nous collectons, utilisons ou divulguons vous concernant, ainsi que des informations sur nos pratiques en mati\u00e8re de donn\u00e9es.<\/li>\n<li>Droit de rectification : le droit de demander la correction des Donn\u00e9es \u00e0 Caract\u00e8re Personnel inexactes que nous d\u00e9tenons \u00e0 votre sujet.<\/li>\n<li>Droit \u00e0 l&rsquo;effacement : le droit de demander la suppression des Donn\u00e9es \u00e0 Caract\u00e8re Personnel que nous avons collect\u00e9es \u00e0 votre sujet.<\/li>\n<\/ul>\n<p>Pour exercer vos droits, veuillez soumettre une demande \u00e0 : <a href=\"mailto:marketing@spray-net.com\">marketing@spray-net.com<\/a><\/p>\n<p>Afin de prot\u00e9ger vos informations et l&rsquo;int\u00e9grit\u00e9 de nos Services, nous pouvons avoir besoin de v\u00e9rifier votre identit\u00e9 avant de traiter votre demande.<\/p>\n<h1>Limitation de responsabilit\u00e9<\/h1>\n<p>Dans toute la mesure permise par la loi applicable, Spray-Net, ses soci\u00e9t\u00e9s affili\u00e9es, franchis\u00e9s, administrateurs, dirigeants, employ\u00e9s et agents ne pourront \u00eatre tenus responsables de dommages indirects, accessoires, cons\u00e9cutifs, sp\u00e9ciaux ou punitifs, y compris notamment la perte de revenus, de b\u00e9n\u00e9fices, de donn\u00e9es ou d&rsquo;opportunit\u00e9s commerciales, d\u00e9coulant de ou li\u00e9s \u00e0 votre utilisation du site web, des services ou de tout contenu fourni.<\/p>\n<p>Bien que nous nous efforcions de veiller \u00e0 l&rsquo;exactitude et \u00e0 l&rsquo;actualit\u00e9 de toutes les informations figurant sur ce site web, nous ne garantissons pas l&rsquo;exhaustivit\u00e9, l&rsquo;exactitude ou la fiabilit\u00e9 de ces informations, y compris les prix, les descriptions de services ou les r\u00e9sultats attendus. Toute confiance accord\u00e9e \u00e0 ces informations l&rsquo;est \u00e0 vos propres risques.<\/p>\n<p>Spray-Net ne garantit pas des r\u00e9sultats ou des effets sp\u00e9cifiques d\u00e9coulant de l&rsquo;utilisation de ses services. Les r\u00e9sultats peuvent varier en fonction de facteurs incluant, mais sans s&rsquo;y limiter, l&rsquo;\u00e9tat de la surface, les facteurs environnementaux et les m\u00e9thodes d&rsquo;application.<\/p>\n<p>Dans la mesure permise par la loi, la responsabilit\u00e9 totale de Spray-Net pour toute r\u00e9clamation d\u00e9coulant de ou li\u00e9e \u00e0 l&rsquo;utilisation de ce site web ou des services sera limit\u00e9e au montant pay\u00e9, le cas \u00e9ch\u00e9ant, par vous pour les services en question.<\/p>\n<p>De plus, les services sont fournis par des franchis\u00e9s ind\u00e9pendants. Spray-Net ne pourra \u00eatre tenue responsable des actes, omissions ou performances de quelque emplacement franchis\u00e9 que ce soit.<\/p>\n<h1>Modifications de la pr\u00e9sente Politique de Confidentialit\u00e9<\/h1>\n<p>Nous nous r\u00e9servons le droit d&rsquo;actualiser notre Politique de Confidentialit\u00e9 de temps \u00e0 autre. Nous vous informerons de toute modification en publiant la nouvelle Politique de Confidentialit\u00e9 sur cette page.<\/p>\n<p>Avant que la modification ne prenne effet, nous vous en informerons par e-mail et\/ou en pla\u00e7ant un avis bien en vue dans notre Service et nous actualiserons la \u00ab date de prise d&rsquo;effet \u00bb figurant en haut de la pr\u00e9sente Politique de Confidentialit\u00e9.<\/p>\n<p>Nous vous conseillons de consulter la pr\u00e9sente Politique de Confidentialit\u00e9 p\u00e9riodiquement pour prendre connaissance de toute modification. Les modifications prennent effet lorsqu&rsquo;elles sont publi\u00e9es sur cette page.<\/p>\n<h1>Nous contacter<\/h1>\n<p>Pour toute question relative \u00e0 la pr\u00e9sente Politique de Confidentialit\u00e9, veuillez nous contacter :<\/p>\n<p><strong>Responsable de la protection des donn\u00e9es<\/strong><\/p>\n<p><strong>Par courrier \u00e9lectronique : <\/strong><a href=\"mailto:support.it@spray-net.com\">support.it@spray-net.com<\/a><\/p>\n<p><strong>Par courrier postal : <\/strong>1490 rue de Coulomb, Boucherville, Qu\u00e9bec, J4B 7M2<\/p>\n","protected":false},"excerpt":{"rendered":"<p>Politique de Confidentialit\u00e9 Date de prise d&rsquo;effet: le 24 mars, 2026 Spray-Net (\u00ab nous \u00bb, \u00ab notre \u00bb, \u00ab nos \u00bb) exploite le site web www.spray-net.com (ci-apr\u00e8s d\u00e9sign\u00e9 par le terme \u00ab Service \u00bb). Cette page vous explique nos politiques en mati\u00e8re de collecte, d&rsquo;utilisation et de communication des donn\u00e9es \u00e0 caract\u00e8re personnel lorsque vous &hellip; <\/p>\n<p class=\"link-more\"><a href=\"https:\/\/www.spray-net.com\/fr\/politique-de-confidentialite\" class=\"more-link\">Lire la suite<\/a><\/p>\n","protected":false},"author":59,"featured_media":0,"parent":0,"menu_order":0,"comment_status":"closed","ping_status":"closed","template":"","meta":{"_acf_changed":false,"footnotes":""},"class_list":["post-1067353","page","type-page","status-publish","hentry"],"acf":[],"yoast_head":"<!-- This site is optimized with the Yoast SEO plugin v26.4 - https:\/\/yoast.com\/wordpress\/plugins\/seo\/ -->\n<title>Politique de Confidentialit\u00e9 - spraynet<\/title>\n<meta name=\"robots\" content=\"index, follow, max-snippet:-1, max-image-preview:large, max-video-preview:-1\" \/>\n<link rel=\"canonical\" href=\"https:\/\/www.spray-net.com\/fr\/politique-de-confidentialite\" \/>\n<meta property=\"og:locale\" content=\"fr_FR\" \/>\n<meta property=\"og:type\" content=\"article\" \/>\n<meta property=\"og:title\" content=\"Politique de Confidentialit\u00e9 - spraynet\" \/>\n<meta property=\"og:description\" content=\"Politique de Confidentialit\u00e9 Date de prise d&rsquo;effet: le 24 mars, 2026 Spray-Net (\u00ab nous \u00bb, \u00ab notre \u00bb, \u00ab nos \u00bb) exploite le site web www.spray-net.com (ci-apr\u00e8s d\u00e9sign\u00e9 par le terme \u00ab Service \u00bb). Cette page vous explique nos politiques en mati\u00e8re de collecte, d&rsquo;utilisation et de communication des donn\u00e9es \u00e0 caract\u00e8re personnel lorsque vous &hellip; Lire la suite\" \/>\n<meta property=\"og:url\" content=\"https:\/\/www.spray-net.com\/fr\/politique-de-confidentialite\" \/>\n<meta property=\"og:site_name\" content=\"spraynet\" \/>\n<meta property=\"article:modified_time\" content=\"2026-03-24T20:40:41+00:00\" \/>\n<meta property=\"og:image\" content=\"https:\/\/www.spray-net.com\/wp-content\/uploads\/2021\/05\/Horizontal_ENG.png\" \/>\n\t<meta property=\"og:image:width\" content=\"681\" \/>\n\t<meta property=\"og:image:height\" content=\"189\" \/>\n\t<meta property=\"og:image:type\" content=\"image\/png\" \/>\n<meta name=\"twitter:card\" content=\"summary_large_image\" \/>\n<meta name=\"twitter:label1\" content=\"Dur\u00e9e de lecture estim\u00e9e\" \/>\n\t<meta name=\"twitter:data1\" content=\"9 minutes\" \/>\n<script type=\"application\/ld+json\" class=\"yoast-schema-graph\">{\"@context\":\"https:\/\/schema.org\",\"@graph\":[{\"@type\":\"WebPage\",\"@id\":\"https:\/\/www.spray-net.com\/fr\/politique-de-confidentialite\",\"url\":\"https:\/\/www.spray-net.com\/fr\/politique-de-confidentialite\",\"name\":\"Politique de Confidentialit\u00e9 - spraynet\",\"isPartOf\":{\"@id\":\"https:\/\/www.spray-net.com\/fr#website\"},\"datePublished\":\"2019-05-13T18:43:30+00:00\",\"dateModified\":\"2026-03-24T20:40:41+00:00\",\"breadcrumb\":{\"@id\":\"https:\/\/www.spray-net.com\/fr\/politique-de-confidentialite#breadcrumb\"},\"inLanguage\":\"fr-FR\",\"potentialAction\":[{\"@type\":\"ReadAction\",\"target\":[\"https:\/\/www.spray-net.com\/fr\/politique-de-confidentialite\"]}]},{\"@type\":\"BreadcrumbList\",\"@id\":\"https:\/\/www.spray-net.com\/fr\/politique-de-confidentialite#breadcrumb\",\"itemListElement\":[{\"@type\":\"ListItem\",\"position\":1,\"name\":\"Home\",\"item\":\"https:\/\/www.spray-net.com\/fr\"},{\"@type\":\"ListItem\",\"position\":2,\"name\":\"Politique de Confidentialit\u00e9\"}]},{\"@type\":\"WebSite\",\"@id\":\"https:\/\/www.spray-net.com\/fr#website\",\"url\":\"https:\/\/www.spray-net.com\/fr\",\"name\":\"spraynet\",\"description\":\"\",\"publisher\":{\"@id\":\"https:\/\/www.spray-net.com\/fr#organization\"},\"potentialAction\":[{\"@type\":\"SearchAction\",\"target\":{\"@type\":\"EntryPoint\",\"urlTemplate\":\"https:\/\/www.spray-net.com\/fr?s={search_term_string}\"},\"query-input\":{\"@type\":\"PropertyValueSpecification\",\"valueRequired\":true,\"valueName\":\"search_term_string\"}}],\"inLanguage\":\"fr-FR\"},{\"@type\":\"Organization\",\"@id\":\"https:\/\/www.spray-net.com\/fr#organization\",\"name\":\"spraynet\",\"url\":\"https:\/\/www.spray-net.com\/fr\",\"logo\":{\"@type\":\"ImageObject\",\"inLanguage\":\"fr-FR\",\"@id\":\"https:\/\/www.spray-net.com\/fr#\/schema\/logo\/image\/\",\"url\":\"https:\/\/www.spray-net.com\/wp-content\/uploads\/2021\/05\/Horizontal_ENG.png\",\"contentUrl\":\"https:\/\/www.spray-net.com\/wp-content\/uploads\/2021\/05\/Horizontal_ENG.png\",\"width\":681,\"height\":189,\"caption\":\"spraynet\"},\"image\":{\"@id\":\"https:\/\/www.spray-net.com\/fr#\/schema\/logo\/image\/\"}}]}<\/script>\n<!-- \/ Yoast SEO plugin. -->","yoast_head_json":{"title":"Politique de Confidentialit\u00e9 - spraynet","robots":{"index":"index","follow":"follow","max-snippet":"max-snippet:-1","max-image-preview":"max-image-preview:large","max-video-preview":"max-video-preview:-1"},"canonical":"https:\/\/www.spray-net.com\/fr\/politique-de-confidentialite","og_locale":"fr_FR","og_type":"article","og_title":"Politique de Confidentialit\u00e9 - spraynet","og_description":"Politique de Confidentialit\u00e9 Date de prise d&rsquo;effet: le 24 mars, 2026 Spray-Net (\u00ab nous \u00bb, \u00ab notre \u00bb, \u00ab nos \u00bb) exploite le site web www.spray-net.com (ci-apr\u00e8s d\u00e9sign\u00e9 par le terme \u00ab Service \u00bb). Cette page vous explique nos politiques en mati\u00e8re de collecte, d&rsquo;utilisation et de communication des donn\u00e9es \u00e0 caract\u00e8re personnel lorsque vous &hellip; Lire la suite","og_url":"https:\/\/www.spray-net.com\/fr\/politique-de-confidentialite","og_site_name":"spraynet","article_modified_time":"2026-03-24T20:40:41+00:00","og_image":[{"width":681,"height":189,"url":"https:\/\/www.spray-net.com\/wp-content\/uploads\/2021\/05\/Horizontal_ENG.png","type":"image\/png"}],"twitter_card":"summary_large_image","twitter_misc":{"Dur\u00e9e de lecture estim\u00e9e":"9 minutes"},"schema":{"@context":"https:\/\/schema.org","@graph":[{"@type":"WebPage","@id":"https:\/\/www.spray-net.com\/fr\/politique-de-confidentialite","url":"https:\/\/www.spray-net.com\/fr\/politique-de-confidentialite","name":"Politique de Confidentialit\u00e9 - spraynet","isPartOf":{"@id":"https:\/\/www.spray-net.com\/fr#website"},"datePublished":"2019-05-13T18:43:30+00:00","dateModified":"2026-03-24T20:40:41+00:00","breadcrumb":{"@id":"https:\/\/www.spray-net.com\/fr\/politique-de-confidentialite#breadcrumb"},"inLanguage":"fr-FR","potentialAction":[{"@type":"ReadAction","target":["https:\/\/www.spray-net.com\/fr\/politique-de-confidentialite"]}]},{"@type":"BreadcrumbList","@id":"https:\/\/www.spray-net.com\/fr\/politique-de-confidentialite#breadcrumb","itemListElement":[{"@type":"ListItem","position":1,"name":"Home","item":"https:\/\/www.spray-net.com\/fr"},{"@type":"ListItem","position":2,"name":"Politique de Confidentialit\u00e9"}]},{"@type":"WebSite","@id":"https:\/\/www.spray-net.com\/fr#website","url":"https:\/\/www.spray-net.com\/fr","name":"spraynet","description":"","publisher":{"@id":"https:\/\/www.spray-net.com\/fr#organization"},"potentialAction":[{"@type":"SearchAction","target":{"@type":"EntryPoint","urlTemplate":"https:\/\/www.spray-net.com\/fr?s={search_term_string}"},"query-input":{"@type":"PropertyValueSpecification","valueRequired":true,"valueName":"search_term_string"}}],"inLanguage":"fr-FR"},{"@type":"Organization","@id":"https:\/\/www.spray-net.com\/fr#organization","name":"spraynet","url":"https:\/\/www.spray-net.com\/fr","logo":{"@type":"ImageObject","inLanguage":"fr-FR","@id":"https:\/\/www.spray-net.com\/fr#\/schema\/logo\/image\/","url":"https:\/\/www.spray-net.com\/wp-content\/uploads\/2021\/05\/Horizontal_ENG.png","contentUrl":"https:\/\/www.spray-net.com\/wp-content\/uploads\/2021\/05\/Horizontal_ENG.png","width":681,"height":189,"caption":"spraynet"},"image":{"@id":"https:\/\/www.spray-net.com\/fr#\/schema\/logo\/image\/"}}]}},"_links":{"self":[{"href":"https:\/\/www.spray-net.com\/fr\/wp-json\/wp\/v2\/pages\/1067353","targetHints":{"allow":["GET"]}}],"collection":[{"href":"https:\/\/www.spray-net.com\/fr\/wp-json\/wp\/v2\/pages"}],"about":[{"href":"https:\/\/www.spray-net.com\/fr\/wp-json\/wp\/v2\/types\/page"}],"author":[{"embeddable":true,"href":"https:\/\/www.spray-net.com\/fr\/wp-json\/wp\/v2\/users\/59"}],"replies":[{"embeddable":true,"href":"https:\/\/www.spray-net.com\/fr\/wp-json\/wp\/v2\/comments?post=1067353"}],"version-history":[{"count":0,"href":"https:\/\/www.spray-net.com\/fr\/wp-json\/wp\/v2\/pages\/1067353\/revisions"}],"wp:attachment":[{"href":"https:\/\/www.spray-net.com\/fr\/wp-json\/wp\/v2\/media?parent=1067353"}],"curies":[{"name":"wp","href":"https:\/\/api.w.org\/{rel}","templated":true}]}}